{"id":361,"date":"2025-03-24T22:33:00","date_gmt":"2025-03-24T22:33:00","guid":{"rendered":"https:\/\/desatask.com\/?page_id=361"},"modified":"2025-03-24T22:41:14","modified_gmt":"2025-03-24T22:41:14","slug":"blog","status":"publish","type":"page","link":"https:\/\/desatask.com\/ca\/blog\/","title":{"rendered":"Blog"},"content":{"rendered":"<div data-elementor-type=\"wp-page\" data-elementor-id=\"361\" class=\"elementor elementor-361\" data-elementor-post-type=\"page\">\n\t\t\t\t\t\t<section class=\"elementor-section elementor-top-section elementor-element elementor-element-8d5dee6 elementor-section-full_width elementor-section-height-default elementor-section-height-default\" data-id=\"8d5dee6\" data-element_type=\"section\" id=\"info-section\">\n\t\t\t\t\t\t<div class=\"elementor-container elementor-column-gap-default\">\n\t\t\t\t\t<div class=\"elementor-column elementor-col-100 elementor-top-column elementor-element elementor-element-47bdab0\" data-id=\"47bdab0\" data-element_type=\"column\" data-settings=\"{&quot;background_background&quot;:&quot;classic&quot;}\">\n\t\t\t<div class=\"elementor-widget-wrap elementor-element-populated\">\n\t\t\t\t\t\t<section class=\"elementor-section elementor-inner-section elementor-element elementor-element-6ca13fa elementor-section-content-middle elementor-section-boxed elementor-section-height-default elementor-section-height-default\" data-id=\"6ca13fa\" data-element_type=\"section\">\n\t\t\t\t\t\t<div class=\"elementor-container elementor-column-gap-no\">\n\t\t\t\t\t<div class=\"elementor-column elementor-col-50 elementor-inner-column elementor-element elementor-element-37fbfa4 elementor-invisible\" data-id=\"37fbfa4\" data-element_type=\"column\" data-settings=\"{&quot;animation&quot;:&quot;fadeInLeft&quot;}\">\n\t\t\t<div class=\"elementor-widget-wrap elementor-element-populated\">\n\t\t\t\t\t\t<div class=\"elementor-element elementor-element-eed9aa7 elementor-widget elementor-widget-heading\" data-id=\"eed9aa7\" data-element_type=\"widget\" data-widget_type=\"heading.default\">\n\t\t\t\t<div class=\"elementor-widget-container\">\n\t\t\t\t\t<h1 class=\"elementor-heading-title elementor-size-default\">Blog<\/h1>\t\t\t\t<\/div>\n\t\t\t\t<\/div>\n\t\t\t\t<div class=\"elementor-element elementor-element-abd260a elementor-widget elementor-widget-text-editor\" data-id=\"abd260a\" data-element_type=\"widget\" data-widget_type=\"text-editor.default\">\n\t\t\t\t<div class=\"elementor-widget-container\">\n\t\t\t\t\t\t\t\t\t<p class=\" translation-block\" data-start=\"137\" data-end=\"391\">En el Blog de Desatask podr\u00e0s resoldre tots els teus dubtes amb els nostres articles de blog. T'explicarem com evitar embussos en canonades amb molts trucs. Aconseguir\u00e0s mantenir tot net per a evitar qualsevol problema.<\/p><p data-start=\"137\" data-end=\"391\">Esperem que et sigui tan \u00fatil com interessant i puguis resoldre tots els teus dubtes!<\/p>\t\t\t\t\t\t\t\t<\/div>\n\t\t\t\t<\/div>\n\t\t\t\t<div class=\"elementor-element elementor-element-aaa7f81 elementor-align-left elementor-widget elementor-widget-button\" data-id=\"aaa7f81\" data-element_type=\"widget\" data-widget_type=\"button.default\">\n\t\t\t\t<div class=\"elementor-widget-container\">\n\t\t\t\t\t\t\t\t\t<div class=\"elementor-button-wrapper\">\n\t\t\t\t\t<a class=\"elementor-button elementor-button-link elementor-size-sm\" href=\"https:\/\/desatask.com\/contacto\/\">\n\t\t\t\t\t\t<span class=\"elementor-button-content-wrapper\">\n\t\t\t\t\t\t\t\t\t<span class=\"elementor-button-text\">Contacta amb nosaltres!<\/span>\n\t\t\t\t\t<\/span>\n\t\t\t\t\t<\/a>\n\t\t\t\t<\/div>\n\t\t\t\t\t\t\t\t<\/div>\n\t\t\t\t<\/div>\n\t\t\t\t\t<\/div>\n\t\t<\/div>\n\t\t\t\t<div class=\"elementor-column elementor-col-50 elementor-inner-column elementor-element elementor-element-2178542 elementor-invisible\" data-id=\"2178542\" data-element_type=\"column\" data-settings=\"{&quot;background_background&quot;:&quot;classic&quot;,&quot;animation&quot;:&quot;zoomIn&quot;}\">\n\t\t\t<div class=\"elementor-widget-wrap elementor-element-populated\">\n\t\t\t\t\t\t<div class=\"elementor-element elementor-element-90611ca elementor-widget elementor-widget-image\" data-id=\"90611ca\" data-element_type=\"widget\" data-settings=\"{&quot;_animation&quot;:&quot;none&quot;}\" data-widget_type=\"image.default\">\n\t\t\t\t<div class=\"elementor-widget-container\">\n\t\t\t\t\t\t\t\t\t\t\t\t\t\t\t<img fetchpriority=\"high\" decoding=\"async\" width=\"800\" height=\"566\" src=\"https:\/\/desatask.com\/wp-content\/uploads\/2025\/03\/camion-cuba-mock-up-1024x724.png\" class=\"attachment-large size-large wp-image-257\" alt=\"desatascos 24h en barcelona\" srcset=\"https:\/\/desatask.com\/wp-content\/uploads\/2025\/03\/camion-cuba-mock-up-1024x724.png 1024w, https:\/\/desatask.com\/wp-content\/uploads\/2025\/03\/camion-cuba-mock-up-300x212.png 300w, https:\/\/desatask.com\/wp-content\/uploads\/2025\/03\/camion-cuba-mock-up-768x543.png 768w, https:\/\/desatask.com\/wp-content\/uploads\/2025\/03\/camion-cuba-mock-up-1536x1086.png 1536w, https:\/\/desatask.com\/wp-content\/uploads\/2025\/03\/camion-cuba-mock-up.png 1986w\" sizes=\"(max-width: 800px) 100vw, 800px\" \/>\t\t\t\t\t\t\t\t\t\t\t\t\t\t\t<\/div>\n\t\t\t\t<\/div>\n\t\t\t\t\t<\/div>\n\t\t<\/div>\n\t\t\t\t\t<\/div>\n\t\t<\/section>\n\t\t\t\t\t<\/div>\n\t\t<\/div>\n\t\t\t\t\t<\/div>\n\t\t<\/section>\n\t\t\t\t<section class=\"elementor-section elementor-top-section elementor-element elementor-element-4e65edec elementor-section-boxed elementor-section-height-default elementor-section-height-default\" data-id=\"4e65edec\" data-element_type=\"section\" data-settings=\"{&quot;background_background&quot;:&quot;classic&quot;}\">\n\t\t\t\t\t\t<div class=\"elementor-container elementor-column-gap-no\">\n\t\t\t\t\t<div class=\"elementor-column elementor-col-100 elementor-top-column elementor-element elementor-element-4259db53\" data-id=\"4259db53\" data-element_type=\"column\">\n\t\t\t<div class=\"elementor-widget-wrap elementor-element-populated\">\n\t\t\t\t\t\t<div class=\"elementor-element elementor-element-3e1ad121 elementor-widget elementor-widget-heading\" data-id=\"3e1ad121\" data-element_type=\"widget\" data-widget_type=\"heading.default\">\n\t\t\t\t<div class=\"elementor-widget-container\">\n\t\t\t\t\t<h3 class=\"elementor-heading-title elementor-size-default\">\u00daltims articles<\/h3>\t\t\t\t<\/div>\n\t\t\t\t<\/div>\n\t\t\t\t<section class=\"elementor-section elementor-inner-section elementor-element elementor-element-6c2fcc8b elementor-section-full_width elementor-section-height-default elementor-section-height-default\" data-id=\"6c2fcc8b\" data-element_type=\"section\">\n\t\t\t\t\t\t<div class=\"elementor-container elementor-column-gap-no\">\n\t\t\t\t\t<div class=\"elementor-column elementor-col-100 elementor-inner-column elementor-element elementor-element-53af9ae\" data-id=\"53af9ae\" data-element_type=\"column\">\n\t\t\t<div class=\"elementor-widget-wrap\">\n\t\t\t\t\t\t\t<\/div>\n\t\t<\/div>\n\t\t\t\t\t<\/div>\n\t\t<\/section>\n\t\t\t\t<div class=\"elementor-element elementor-element-3a2a07e9 elementor-grid-3 elementor-grid-tablet-2 elementor-grid-mobile-1 elementor-posts--thumbnail-top elementor-posts__hover-gradient elementor-widget elementor-widget-posts\" data-id=\"3a2a07e9\" data-element_type=\"widget\" data-settings=\"{&quot;cards_row_gap&quot;:{&quot;unit&quot;:&quot;px&quot;,&quot;size&quot;:30,&quot;sizes&quot;:[]},&quot;pagination_type&quot;:&quot;numbers_and_prev_next&quot;,&quot;cards_columns&quot;:&quot;3&quot;,&quot;cards_columns_tablet&quot;:&quot;2&quot;,&quot;cards_columns_mobile&quot;:&quot;1&quot;,&quot;cards_row_gap_tablet&quot;:{&quot;unit&quot;:&quot;px&quot;,&quot;size&quot;:&quot;&quot;,&quot;sizes&quot;:[]},&quot;cards_row_gap_mobile&quot;:{&quot;unit&quot;:&quot;px&quot;,&quot;size&quot;:&quot;&quot;,&quot;sizes&quot;:[]}}\" data-widget_type=\"posts.cards\">\n\t\t\t\t<div class=\"elementor-widget-container\">\n\t\t\t\t\t\t\t<div class=\"elementor-posts-container elementor-posts elementor-posts--skin-cards elementor-grid\" role=\"list\">\n\t\t\t\t<article class=\"elementor-post elementor-grid-item post-1 post type-post status-publish format-standard has-post-thumbnail hentry category-uncategorized\" role=\"listitem\">\n\t\t\t<div class=\"elementor-post__card\">\n\t\t\t\t<a class=\"elementor-post__thumbnail__link\" href=\"https:\/\/desatask.com\/ca\/articulo-blog\/\" tabindex=\"-1\" target=\"_blank\"><div class=\"elementor-post__thumbnail\"><img decoding=\"async\" width=\"1986\" height=\"1404\" src=\"https:\/\/desatask.com\/wp-content\/uploads\/2025\/03\/camion-cuba-mock-up.png\" class=\"attachment-full size-full wp-image-257\" alt=\"desatascos 24h en barcelona\" srcset=\"https:\/\/desatask.com\/wp-content\/uploads\/2025\/03\/camion-cuba-mock-up.png 1986w, https:\/\/desatask.com\/wp-content\/uploads\/2025\/03\/camion-cuba-mock-up-300x212.png 300w, https:\/\/desatask.com\/wp-content\/uploads\/2025\/03\/camion-cuba-mock-up-1024x724.png 1024w, https:\/\/desatask.com\/wp-content\/uploads\/2025\/03\/camion-cuba-mock-up-768x543.png 768w, https:\/\/desatask.com\/wp-content\/uploads\/2025\/03\/camion-cuba-mock-up-1536x1086.png 1536w\" sizes=\"(max-width: 1986px) 100vw, 1986px\" \/><\/div><\/a>\n\t\t\t\t<div class=\"elementor-post__badge\">Uncategorized<\/div>\n\t\t\t\t<div class=\"elementor-post__text\">\n\t\t\t\t<h3 class=\"elementor-post__title\">\n\t\t\t<a href=\"https:\/\/desatask.com\/ca\/articulo-blog\/\" target=\"&quot;_blank&quot;\">\n\t\t\t\tArt\u00edculo de ejemplo\t\t\t<\/a>\n\t\t<\/h3>\n\t\t\t\t<div class=\"elementor-post__excerpt\">\n\t\t\t<p>Bienvenidos a Desatask<\/p>\n\t\t<\/div>\n\t\t\n\t\t<a class=\"elementor-post__read-more\" href=\"https:\/\/desatask.com\/ca\/articulo-blog\/\" aria-label=\"Read more about Art\u00edculo de ejemplo\" tabindex=\"-1\" target=\"_blank\">\n\t\t\tLeer m\u00e1s\t\t<\/a>\n\n\t\t\t\t<\/div>\n\t\t\t\t\t<\/div>\n\t\t<\/article>\n\t\t\t\t<\/div>\n\t\t\n\t\t\t\t\t\t<\/div>\n\t\t\t\t<\/div>\n\t\t\t\t\t<\/div>\n\t\t<\/div>\n\t\t\t\t\t<\/div>\n\t\t<\/section>\n\t\t\t\t<section class=\"elementor-section elementor-top-section elementor-element elementor-element-1dbeffc elementor-section-full_width presupuesto elementor-section-height-default elementor-section-height-default\" data-id=\"1dbeffc\" data-element_type=\"section\" id=\"presupuesto\">\n\t\t\t\t\t\t<div class=\"elementor-container elementor-column-gap-default\">\n\t\t\t\t\t<div class=\"elementor-column elementor-col-100 elementor-top-column elementor-element elementor-element-d1c381f\" data-id=\"d1c381f\" data-element_type=\"column\" data-settings=\"{&quot;background_background&quot;:&quot;classic&quot;}\">\n\t\t\t<div class=\"elementor-widget-wrap\">\n\t\t\t\t\t\t\t<\/div>\n\t\t<\/div>\n\t\t\t\t\t<\/div>\n\t\t<\/section>\n\t\t\t\t<section class=\"elementor-section elementor-top-section elementor-element elementor-element-33787d8 elementor-section-full_width elementor-section-height-default elementor-section-height-default\" data-id=\"33787d8\" data-element_type=\"section\" data-settings=\"{&quot;background_background&quot;:&quot;classic&quot;}\">\n\t\t\t\t\t\t<div class=\"elementor-container elementor-column-gap-no\">\n\t\t\t\t\t<div class=\"elementor-column elementor-col-100 elementor-top-column elementor-element elementor-element-cb8e884\" data-id=\"cb8e884\" data-element_type=\"column\" data-settings=\"{&quot;background_background&quot;:&quot;classic&quot;}\">\n\t\t\t<div class=\"elementor-widget-wrap elementor-element-populated\">\n\t\t\t\t<div class=\"elementor-element elementor-element-01a4f7f e-con-full e-grid elementor-invisible e-con e-parent\" data-id=\"01a4f7f\" data-element_type=\"container\" data-settings=\"{&quot;animation&quot;:&quot;fadeInUp&quot;}\">\n\t\t<div class=\"elementor-element elementor-element-2482c23 e-con-full e-flex e-con e-child\" data-id=\"2482c23\" data-element_type=\"container\">\n\t\t\t\t<div class=\"elementor-element elementor-element-4b9bd6d elementor-widget elementor-widget-heading\" data-id=\"4b9bd6d\" data-element_type=\"widget\" data-widget_type=\"heading.default\">\n\t\t\t\t<div class=\"elementor-widget-container\">\n\t\t\t\t\t<h3 class=\"elementor-heading-title elementor-size-default\">Disponible 24\/7 Crida'ns quan ens necessitis! <\/h3>\t\t\t\t<\/div>\n\t\t\t\t<\/div>\n\t\t\t\t<div class=\"elementor-element elementor-element-b46057b elementor-widget elementor-widget-heading\" data-id=\"b46057b\" data-element_type=\"widget\" data-widget_type=\"heading.default\">\n\t\t\t\t<div class=\"elementor-widget-container\">\n\t\t\t\t\t<h2 class=\"elementor-heading-title elementor-size-default\">Evita un emb\u00fas en la teva canonada<\/h2>\t\t\t\t<\/div>\n\t\t\t\t<\/div>\n\t\t\t\t<\/div>\n\t\t\t\t<\/div>\n\t\t\t\t<div class=\"elementor-element elementor-element-9dca4e4 elementor-align-right elementor-widget elementor-widget-button\" data-id=\"9dca4e4\" data-element_type=\"widget\" data-widget_type=\"button.default\">\n\t\t\t\t<div class=\"elementor-widget-container\">\n\t\t\t\t\t\t\t\t\t<div class=\"elementor-button-wrapper\">\n\t\t\t\t\t<a class=\"elementor-button elementor-button-link elementor-size-sm\" href=\"#\">\n\t\t\t\t\t\t<span class=\"elementor-button-content-wrapper\">\n\t\t\t\t\t\t\t\t\t<span class=\"elementor-button-text\">93 392 92 93<\/span>\n\t\t\t\t\t<\/span>\n\t\t\t\t\t<\/a>\n\t\t\t\t<\/div>\n\t\t\t\t\t\t\t\t<\/div>\n\t\t\t\t<\/div>\n\t\t\t\t\t<\/div>\n\t\t<\/div>\n\t\t\t\t\t<\/div>\n\t\t<\/section>\n\t\t\t\t<\/div>","protected":false},"excerpt":{"rendered":"<p>Blog En el Blog de Desatask\u00a0podr\u00e1s resolver todas tus dudas con nuestros art\u00edculos de blog. Te explicaremos como evitar atascos en tuber\u00edas con muchos trucos. Conseguir\u00e1s mantener todo limpio para evitar cualquier problema. \u00a1Esperamos que te sea tan \u00fatil como interesante y puedas resolver todas tus dudas! \u00a1Cont\u00e1ctanos! \u00daltimos art\u00edculos Disponible 24\/7 \u00a1Ll\u00e1manos cuando nos [&hellip;]<\/p>","protected":false},"author":1,"featured_media":0,"parent":0,"menu_order":0,"comment_status":"closed","ping_status":"closed","template":"elementor_header_footer","meta":{"_eb_attr":"","_uag_custom_page_level_css":"","footnotes":""},"class_list":["post-361","page","type-page","status-publish","hentry"],"yoast_head":"<!-- This site is optimized with the Yoast SEO plugin v25.7 - https:\/\/yoast.com\/wordpress\/plugins\/seo\/ -->\n<title>Blog - Desatask<\/title>\n<meta name=\"robots\" content=\"index, follow, max-snippet:-1, max-image-preview:large, max-video-preview:-1\" \/>\n<link rel=\"canonical\" href=\"https:\/\/desatask.com\/ca\/blog\/\" \/>\n<meta property=\"og:locale\" content=\"ca_ES\" \/>\n<meta property=\"og:type\" content=\"article\" \/>\n<meta property=\"og:title\" content=\"Blog - Desatask\" \/>\n<meta property=\"og:description\" content=\"Blog En el Blog de Desatask\u00a0podr\u00e1s resolver todas tus dudas con nuestros art\u00edculos de blog. Te explicaremos como evitar atascos en tuber\u00edas con muchos trucos. Conseguir\u00e1s mantener todo limpio para evitar cualquier problema. \u00a1Esperamos que te sea tan \u00fatil como interesante y puedas resolver todas tus dudas! \u00a1Cont\u00e1ctanos! \u00daltimos art\u00edculos Disponible 24\/7 \u00a1Ll\u00e1manos cuando nos [&hellip;]\" \/>\n<meta property=\"og:url\" content=\"https:\/\/desatask.com\/ca\/blog\/\" \/>\n<meta property=\"og:site_name\" content=\"Desatask\" \/>\n<meta property=\"article:modified_time\" content=\"2025-03-24T22:41:14+00:00\" \/>\n<meta property=\"og:image\" content=\"https:\/\/desatask.com\/wp-content\/uploads\/2025\/03\/camion-cuba-mock-up.png\" \/>\n\t<meta property=\"og:image:width\" content=\"1986\" \/>\n\t<meta property=\"og:image:height\" content=\"1404\" \/>\n\t<meta property=\"og:image:type\" content=\"image\/png\" \/>\n<meta name=\"twitter:card\" content=\"summary_large_image\" \/>\n<meta name=\"twitter:label1\" content=\"Temps estimat de lectura\" \/>\n\t<meta name=\"twitter:data1\" content=\"3 minuts\" \/>\n<script type=\"application\/ld+json\" class=\"yoast-schema-graph\">{\"@context\":\"https:\/\/schema.org\",\"@graph\":[{\"@type\":\"WebPage\",\"@id\":\"https:\/\/desatask.com\/blog\/\",\"url\":\"https:\/\/desatask.com\/blog\/\",\"name\":\"Blog - Desatask\",\"isPartOf\":{\"@id\":\"https:\/\/desatask.com\/#website\"},\"primaryImageOfPage\":{\"@id\":\"https:\/\/desatask.com\/blog\/#primaryimage\"},\"image\":{\"@id\":\"https:\/\/desatask.com\/blog\/#primaryimage\"},\"thumbnailUrl\":\"https:\/\/desatask.com\/wp-content\/uploads\/2025\/03\/camion-cuba-mock-up-1024x724.png\",\"datePublished\":\"2025-03-24T22:33:00+00:00\",\"dateModified\":\"2025-03-24T22:41:14+00:00\",\"breadcrumb\":{\"@id\":\"https:\/\/desatask.com\/blog\/#breadcrumb\"},\"inLanguage\":\"ca\",\"potentialAction\":[{\"@type\":\"ReadAction\",\"target\":[\"https:\/\/desatask.com\/blog\/\"]}]},{\"@type\":\"ImageObject\",\"inLanguage\":\"ca\",\"@id\":\"https:\/\/desatask.com\/blog\/#primaryimage\",\"url\":\"https:\/\/desatask.com\/wp-content\/uploads\/2025\/03\/camion-cuba-mock-up-1024x724.png\",\"contentUrl\":\"https:\/\/desatask.com\/wp-content\/uploads\/2025\/03\/camion-cuba-mock-up-1024x724.png\"},{\"@type\":\"BreadcrumbList\",\"@id\":\"https:\/\/desatask.com\/blog\/#breadcrumb\",\"itemListElement\":[{\"@type\":\"ListItem\",\"position\":1,\"name\":\"Portada\",\"item\":\"https:\/\/desatask.com\/\"},{\"@type\":\"ListItem\",\"position\":2,\"name\":\"Blog\"}]},{\"@type\":\"WebSite\",\"@id\":\"https:\/\/desatask.com\/#website\",\"url\":\"https:\/\/desatask.com\/\",\"name\":\"Desatask\",\"description\":\"Desatascos en 24h | Limpieza y desatascos\",\"publisher\":{\"@id\":\"https:\/\/desatask.com\/#organization\"},\"potentialAction\":[{\"@type\":\"SearchAction\",\"target\":{\"@type\":\"EntryPoint\",\"urlTemplate\":\"https:\/\/desatask.com\/?s={search_term_string}\"},\"query-input\":{\"@type\":\"PropertyValueSpecification\",\"valueRequired\":true,\"valueName\":\"search_term_string\"}}],\"inLanguage\":\"ca\"},{\"@type\":\"Organization\",\"@id\":\"https:\/\/desatask.com\/#organization\",\"name\":\"Desatask\",\"url\":\"https:\/\/desatask.com\/\",\"logo\":{\"@type\":\"ImageObject\",\"inLanguage\":\"ca\",\"@id\":\"https:\/\/desatask.com\/#\/schema\/logo\/image\/\",\"url\":\"https:\/\/desatask.com\/wp-content\/uploads\/2025\/03\/logo-en-blanco.png\",\"contentUrl\":\"https:\/\/desatask.com\/wp-content\/uploads\/2025\/03\/logo-en-blanco.png\",\"width\":1996,\"height\":727,\"caption\":\"Desatask\"},\"image\":{\"@id\":\"https:\/\/desatask.com\/#\/schema\/logo\/image\/\"}}]}<\/script>\n<!-- \/ Yoast SEO plugin. -->","yoast_head_json":{"title":"Blog - Desatask","robots":{"index":"index","follow":"follow","max-snippet":"max-snippet:-1","max-image-preview":"max-image-preview:large","max-video-preview":"max-video-preview:-1"},"canonical":"https:\/\/desatask.com\/ca\/blog\/","og_locale":"ca_ES","og_type":"article","og_title":"Blog - Desatask","og_description":"Blog En el Blog de Desatask\u00a0podr\u00e1s resolver todas tus dudas con nuestros art\u00edculos de blog. Te explicaremos como evitar atascos en tuber\u00edas con muchos trucos. Conseguir\u00e1s mantener todo limpio para evitar cualquier problema. \u00a1Esperamos que te sea tan \u00fatil como interesante y puedas resolver todas tus dudas! \u00a1Cont\u00e1ctanos! \u00daltimos art\u00edculos Disponible 24\/7 \u00a1Ll\u00e1manos cuando nos [&hellip;]","og_url":"https:\/\/desatask.com\/ca\/blog\/","og_site_name":"Desatask","article_modified_time":"2025-03-24T22:41:14+00:00","og_image":[{"width":1986,"height":1404,"url":"https:\/\/desatask.com\/wp-content\/uploads\/2025\/03\/camion-cuba-mock-up.png","type":"image\/png"}],"twitter_card":"summary_large_image","twitter_misc":{"Temps estimat de lectura":"3 minuts"},"schema":{"@context":"https:\/\/schema.org","@graph":[{"@type":"WebPage","@id":"https:\/\/desatask.com\/blog\/","url":"https:\/\/desatask.com\/blog\/","name":"Blog - Desatask","isPartOf":{"@id":"https:\/\/desatask.com\/#website"},"primaryImageOfPage":{"@id":"https:\/\/desatask.com\/blog\/#primaryimage"},"image":{"@id":"https:\/\/desatask.com\/blog\/#primaryimage"},"thumbnailUrl":"https:\/\/desatask.com\/wp-content\/uploads\/2025\/03\/camion-cuba-mock-up-1024x724.png","datePublished":"2025-03-24T22:33:00+00:00","dateModified":"2025-03-24T22:41:14+00:00","breadcrumb":{"@id":"https:\/\/desatask.com\/blog\/#breadcrumb"},"inLanguage":"ca","potentialAction":[{"@type":"ReadAction","target":["https:\/\/desatask.com\/blog\/"]}]},{"@type":"ImageObject","inLanguage":"ca","@id":"https:\/\/desatask.com\/blog\/#primaryimage","url":"https:\/\/desatask.com\/wp-content\/uploads\/2025\/03\/camion-cuba-mock-up-1024x724.png","contentUrl":"https:\/\/desatask.com\/wp-content\/uploads\/2025\/03\/camion-cuba-mock-up-1024x724.png"},{"@type":"BreadcrumbList","@id":"https:\/\/desatask.com\/blog\/#breadcrumb","itemListElement":[{"@type":"ListItem","position":1,"name":"Portada","item":"https:\/\/desatask.com\/"},{"@type":"ListItem","position":2,"name":"Blog"}]},{"@type":"WebSite","@id":"https:\/\/desatask.com\/#website","url":"https:\/\/desatask.com\/","name":"Desatask","description":"Desatascos en 24h | Limpieza y desatascos","publisher":{"@id":"https:\/\/desatask.com\/#organization"},"potentialAction":[{"@type":"SearchAction","target":{"@type":"EntryPoint","urlTemplate":"https:\/\/desatask.com\/?s={search_term_string}"},"query-input":{"@type":"PropertyValueSpecification","valueRequired":true,"valueName":"search_term_string"}}],"inLanguage":"ca"},{"@type":"Organization","@id":"https:\/\/desatask.com\/#organization","name":"Desatask","url":"https:\/\/desatask.com\/","logo":{"@type":"ImageObject","inLanguage":"ca","@id":"https:\/\/desatask.com\/#\/schema\/logo\/image\/","url":"https:\/\/desatask.com\/wp-content\/uploads\/2025\/03\/logo-en-blanco.png","contentUrl":"https:\/\/desatask.com\/wp-content\/uploads\/2025\/03\/logo-en-blanco.png","width":1996,"height":727,"caption":"Desatask"},"image":{"@id":"https:\/\/desatask.com\/#\/schema\/logo\/image\/"}}]}},"uagb_featured_image_src":{"full":false,"thumbnail":false,"medium":false,"medium_large":false,"large":false,"1536x1536":false,"2048x2048":false,"trp-custom-language-flag":false,"_nx_notification_thumb_100_100":false,"_nx_notification_thumb_200_200":false,"_nx_notification_thumb_300_300":false,"_nx_notification_thumb_400_400":false,"_nx_notification_thumb_500_500":false},"uagb_author_info":{"display_name":"admin","author_link":"https:\/\/desatask.com\/ca\/author\/desatask\/"},"uagb_comment_info":0,"uagb_excerpt":"Blog En el Blog de Desatask\u00a0podr\u00e1s resolver todas tus dudas con nuestros art\u00edculos de blog. Te explicaremos como evitar atascos en tuber\u00edas con muchos trucos. Conseguir\u00e1s mantener todo limpio para evitar cualquier problema. \u00a1Esperamos que te sea tan \u00fatil como interesante y puedas resolver todas tus dudas! \u00a1Cont\u00e1ctanos! \u00daltimos art\u00edculos Disponible 24\/7 \u00a1Ll\u00e1manos cuando nos&hellip;","_links":{"self":[{"href":"https:\/\/desatask.com\/ca\/wp-json\/wp\/v2\/pages\/361","targetHints":{"allow":["GET"]}}],"collection":[{"href":"https:\/\/desatask.com\/ca\/wp-json\/wp\/v2\/pages"}],"about":[{"href":"https:\/\/desatask.com\/ca\/wp-json\/wp\/v2\/types\/page"}],"author":[{"embeddable":true,"href":"https:\/\/desatask.com\/ca\/wp-json\/wp\/v2\/users\/1"}],"replies":[{"embeddable":true,"href":"https:\/\/desatask.com\/ca\/wp-json\/wp\/v2\/comments?post=361"}],"version-history":[{"count":0,"href":"https:\/\/desatask.com\/ca\/wp-json\/wp\/v2\/pages\/361\/revisions"}],"wp:attachment":[{"href":"https:\/\/desatask.com\/ca\/wp-json\/wp\/v2\/media?parent=361"}],"curies":[{"name":"wp","href":"https:\/\/api.w.org\/{rel}","templated":true}]}}